{"id":7714,"date":"2024-01-02T15:16:46","date_gmt":"2024-01-02T12:16:46","guid":{"rendered":"https:\/\/luxurybeauty.com.tr\/epilasyon\/"},"modified":"2024-02-01T00:30:55","modified_gmt":"2024-01-31T21:30:55","slug":"epilation","status":"publish","type":"page","link":"https:\/\/luxurybeauty.com.tr\/de\/epilation\/","title":{"rendered":"Epilation"},"content":{"rendered":"\t\t<div data-elementor-type=\"wp-page\" data-elementor-id=\"7714\" class=\"elementor elementor-7714 elementor-6657\">\n\t\t\t\t\t\t\t\t\t<section class=\"elementor-section elementor-top-section elementor-element elementor-element-62dfe602 elementor-section-boxed elementor-section-height-default elementor-section-height-default mkdf-parallax-row-no mkdf-content-aligment-left mkdf-elementor-row-grid-no mkdf-disabled-bg-image-bellow-no\" data-id=\"62dfe602\" data-element_type=\"section\">\n\t\t\t\t\t\t<div class=\"elementor-container elementor-column-gap-default\">\n\t\t\t\t\t<div class=\"elementor-column elementor-col-100 elementor-top-column elementor-element elementor-element-460657c\" data-id=\"460657c\" data-element_type=\"column\">\n\t\t\t<div class=\"elementor-widget-wrap\">\n\t\t\t\t\t\t\t\t\t<\/div>\n\t\t<\/div>\n\t\t\t\t\t\t\t<\/div>\n\t\t<\/section>\n\t\t\t\t<section class=\"elementor-section elementor-top-section elementor-element elementor-element-cd7ae7d mkdf-elementor-row-grid-section elementor-section-boxed elementor-section-height-default elementor-section-height-default mkdf-parallax-row-no mkdf-content-aligment-left mkdf-disabled-bg-image-bellow-no elementor-invisible\" data-id=\"cd7ae7d\" data-element_type=\"section\" data-settings=\"{&quot;background_background&quot;:&quot;classic&quot;,&quot;animation&quot;:&quot;fadeInUp&quot;}\">\n\t\t\t\t\t\t<div class=\"elementor-container elementor-column-gap-default\">\n\t\t\t\t\t<div class=\"elementor-column elementor-col-100 elementor-top-column elementor-element elementor-element-3046339\" data-id=\"3046339\" data-element_type=\"column\">\n\t\t\t<div class=\"elementor-widget-wrap elementor-element-populated\">\n\t\t\t\t\t\t\t\t<div class=\"elementor-element elementor-element-16e556d elementor-widget elementor-widget-text-editor\" data-id=\"16e556d\" data-element_type=\"widget\" data-widget_type=\"text-editor.default\">\n\t\t\t\t<div class=\"elementor-widget-container\">\n\t\t\t\t\t\t\t<p><span style=\"font-weight: 400;\">Der Eislaser ist eine Epilationsl\u00f6sung der neuen Generation. Es verf\u00fcgt \u00fcber bemerkenswerte Eigenschaften unter den Laser-Epilations- und Epilationsanwendungen. Aufgrund der schnellen Anwendung und des schmerzfreien Epilationsprozesses ist es das am h\u00e4ufigsten verwendete Epilationsverfahren der letzten Jahre. Die Ice-Laser-Technologie, die mit Technologien der neuesten Generation entwickelt wurde, ist ein Epilationsverfahren mit dem Komfort einer Hot-Stone-Massage. Es erm\u00f6glicht eine effektive, dauerhafte und schmerzfreie Epilation in kurzen Sitzungen. Der Eislaser ist eine revolution\u00e4re Technologie im Epilations-\u00d6kosystem. Der Eislaser ist ein von der Food and Drug Administration (FDA) zugelassenes Lasersystem.<\/span><\/p>\t\t\t\t\t\t<\/div>\n\t\t\t\t<\/div>\n\t\t\t\t\t<\/div>\n\t\t<\/div>\n\t\t\t\t\t\t\t<\/div>\n\t\t<\/section>\n\t\t\t\t<section class=\"elementor-section elementor-top-section elementor-element elementor-element-28d5ddb elementor-section-content-middle elementor-section-boxed elementor-section-height-default elementor-section-height-default mkdf-parallax-row-no mkdf-content-aligment-left mkdf-elementor-row-grid-no mkdf-disabled-bg-image-bellow-no\" data-id=\"28d5ddb\" data-element_type=\"section\">\n\t\t\t\t\t\t\t<div class=\"elementor-background-overlay\"><\/div>\n\t\t\t\t\t\t\t<div class=\"elementor-container elementor-column-gap-default\">\n\t\t\t\t\t<div class=\"elementor-column elementor-col-66 elementor-top-column elementor-element elementor-element-ac2ecc7\" data-id=\"ac2ecc7\" data-element_type=\"column\">\n\t\t\t<div class=\"elementor-widget-wrap elementor-element-populated\">\n\t\t\t\t\t\t\t\t<div class=\"elementor-element elementor-element-5f55e73 elementor-invisible elementor-widget elementor-widget-image\" data-id=\"5f55e73\" data-element_type=\"widget\" data-settings=\"{&quot;_animation&quot;:&quot;fadeInUp&quot;}\" data-widget_type=\"image.default\">\n\t\t\t\t<div class=\"elementor-widget-container\">\n\t\t\t\t\t\t\t\t\t\t\t\t\t\t\t<img loading=\"lazy\" decoding=\"async\" width=\"1980\" height=\"1320\" src=\"https:\/\/luxurybeauty.com.tr\/wp-content\/uploads\/2023\/12\/epilasyon-002.jpg\" class=\"attachment-full size-full\" alt=\"Epilasyon\" srcset=\"https:\/\/luxurybeauty.com.tr\/wp-content\/uploads\/2023\/12\/epilasyon-002.jpg 1980w, https:\/\/luxurybeauty.com.tr\/wp-content\/uploads\/2023\/12\/epilasyon-002-300x200.jpg 300w, https:\/\/luxurybeauty.com.tr\/wp-content\/uploads\/2023\/12\/epilasyon-002-1024x683.jpg 1024w, https:\/\/luxurybeauty.com.tr\/wp-content\/uploads\/2023\/12\/epilasyon-002-768x512.jpg 768w, https:\/\/luxurybeauty.com.tr\/wp-content\/uploads\/2023\/12\/epilasyon-002-1536x1024.jpg 1536w, https:\/\/luxurybeauty.com.tr\/wp-content\/uploads\/2023\/12\/epilasyon-002-600x400.jpg 600w\" sizes=\"(max-width: 1980px) 100vw, 1980px\" \/>\t\t\t\t\t\t\t\t\t\t\t\t\t\t\t<\/div>\n\t\t\t\t<\/div>\n\t\t\t\t\t<\/div>\n\t\t<\/div>\n\t\t\t\t<div class=\"elementor-column elementor-col-33 elementor-top-column elementor-element elementor-element-a7a1224\" data-id=\"a7a1224\" data-element_type=\"column\">\n\t\t\t<div class=\"elementor-widget-wrap elementor-element-populated\">\n\t\t\t\t\t\t\t\t<div class=\"elementor-element elementor-element-f71598c elementor-invisible elementor-widget elementor-widget-heading\" data-id=\"f71598c\" data-element_type=\"widget\" data-settings=\"{&quot;_animation&quot;:&quot;fadeInUp&quot;}\" data-widget_type=\"heading.default\">\n\t\t\t\t<div class=\"elementor-widget-container\">\n\t\t\t<h1 class=\"elementor-heading-title elementor-size-medium\">Eis-Epilationsger\u00e4t\n<\/h1>\t\t<\/div>\n\t\t\t\t<\/div>\n\t\t\t\t<div class=\"elementor-element elementor-element-e3efa23 elementor-widget elementor-widget-text-editor\" data-id=\"e3efa23\" data-element_type=\"widget\" data-widget_type=\"text-editor.default\">\n\t\t\t\t<div class=\"elementor-widget-container\">\n\t\t\t\t\t\t\t<p><span style=\"font-weight: 400;\">Das Eis-Epilationsger\u00e4t wurde mit den neuesten Technologien f\u00fcr komfortable Epilationsprozesse entwickelt. Dieses Ger\u00e4t zielt auf verschiedene Strukturen in den Haarfollikeln unter der Haut ab. Das Eislaserger\u00e4t, das unterschiedliche Wellenl\u00e4ngen aussendet, ist eine wirksame L\u00f6sung gegen unerw\u00fcnschte Haare an verschiedenen K\u00f6rperstellen. Das Eis-Epilationsger\u00e4t liefert effektive Ergebnisse auf einer gr\u00f6\u00dferen Hautoberfl\u00e4che als andere Laserger\u00e4te.<\/span><\/p><p><span style=\"font-weight: 400;\">Bei der Anwendung des Ger\u00e4ts erreicht jede Wellenl\u00e4nge mehr Haarfollikel. Das Ger\u00e4t erzeugt h\u00e4ufige Impulse und erw\u00e4rmt die Haarfollikel langsam. Zwischen diesen Heizperioden wird gek\u00fchlt. Aus diesem Grund werden Schmerzen und Leiden bei der Anwendung minimiert. Eis-Epilationssitzungen nehmen weniger Zeit in Anspruch als herk\u00f6mmliche Epilationsmethoden. Eine Eis-Epilationssitzung f\u00fcr den ganzen K\u00f6rper kann in etwa 40 Minuten abgeschlossen werden. Dar\u00fcber hinaus ist die Anzahl der Sitzungen geringer als bei anderen Epilationsmethoden; Eine Person kann unerw\u00fcnschte Haare in durchschnittlich 6 Sitzungen loswerden.<\/span><\/p>\t\t\t\t\t\t<\/div>\n\t\t\t\t<\/div>\n\t\t\t\t\t<\/div>\n\t\t<\/div>\n\t\t\t\t\t\t\t<\/div>\n\t\t<\/section>\n\t\t\t\t<section class=\"elementor-section elementor-top-section elementor-element elementor-element-3b51a53 elementor-section-content-middle elementor-section-boxed elementor-section-height-default elementor-section-height-default mkdf-parallax-row-no mkdf-content-aligment-left mkdf-elementor-row-grid-no mkdf-disabled-bg-image-bellow-no elementor-invisible\" data-id=\"3b51a53\" data-element_type=\"section\" data-settings=\"{&quot;animation&quot;:&quot;fadeInLeft&quot;}\">\n\t\t\t\t\t\t\t<div class=\"elementor-background-overlay\"><\/div>\n\t\t\t\t\t\t\t<div class=\"elementor-container elementor-column-gap-default\">\n\t\t\t\t\t<div class=\"elementor-column elementor-col-100 elementor-top-column elementor-element elementor-element-27ad3cf\" data-id=\"27ad3cf\" data-element_type=\"column\">\n\t\t\t<div class=\"elementor-widget-wrap elementor-element-populated\">\n\t\t\t\t\t\t\t\t<div class=\"elementor-element elementor-element-8d93658 elementor-invisible elementor-widget elementor-widget-heading\" data-id=\"8d93658\" data-element_type=\"widget\" data-settings=\"{&quot;_animation&quot;:&quot;fadeInUp&quot;}\" data-widget_type=\"heading.default\">\n\t\t\t\t<div class=\"elementor-widget-container\">\n\t\t\t<h1 class=\"elementor-heading-title elementor-size-medium\">Eis-Epilation und Gesichts-Epilation\n<\/h1>\t\t<\/div>\n\t\t\t\t<\/div>\n\t\t\t\t<div class=\"elementor-element elementor-element-114cd7d elementor-widget elementor-widget-text-editor\" data-id=\"114cd7d\" data-element_type=\"widget\" data-widget_type=\"text-editor.default\">\n\t\t\t\t<div class=\"elementor-widget-container\">\n\t\t\t\t\t\t\t<p><span style=\"font-weight: 400;\">Der Gesichtsbereich ist ein Bereich, in dem Haare schnell wachsen. Schnurrbart- und Bartwuchs stellen bei Frauen \u00e4sthetische Probleme dar. Haare, die im hormonell empfindlicheren Gesichtsbereich auftreten, haben meist tiefe Wurzeln. Aus diesem Grund sollte f\u00fcr den Gesichtsbereich die passende Epilationsmethode gew\u00e4hlt werden. Wenn die Epilation nicht mit einer geeigneten Methode durchgef\u00fchrt wird, kann es zu einer Wiederbelebung der Haarfollikel kommen. Somit endet der Epilationsprozess mit einem Misserfolg. Die idealste Methode, Gesichtshaare loszuwerden, ist die Eis-Epilation. Die Eis-Epilation ist auch bei hellen und schwachen Haaren im Gesicht wirksam. Es bietet schmerzfreien Epilierkomfort. Dank der von Experten korrekt durchgef\u00fchrten Eis-Epilation ist es m\u00f6glich, Gesichtsbehaarung in kurzer Zeit loszuwerden. Die Eis-Epilation, eine hygienische und komfortable Epilationsanwendung, sorgt f\u00fcr dauerhafte Ergebnisse bei unerw\u00fcnschten Haaren im Gesichtsbereich.<\/span><\/p>\t\t\t\t\t\t<\/div>\n\t\t\t\t<\/div>\n\t\t\t\t\t<\/div>\n\t\t<\/div>\n\t\t\t\t\t\t\t<\/div>\n\t\t<\/section>\n\t\t\t\t<section class=\"elementor-section elementor-top-section elementor-element elementor-element-a135fc9 elementor-section-content-middle elementor-section-boxed elementor-section-height-default elementor-section-height-default mkdf-parallax-row-no mkdf-content-aligment-left mkdf-elementor-row-grid-no mkdf-disabled-bg-image-bellow-no\" data-id=\"a135fc9\" data-element_type=\"section\">\n\t\t\t\t\t\t\t<div class=\"elementor-background-overlay\"><\/div>\n\t\t\t\t\t\t\t<div class=\"elementor-container elementor-column-gap-default\">\n\t\t\t\t\t<div class=\"elementor-column elementor-col-66 elementor-top-column elementor-element elementor-element-f83e732\" data-id=\"f83e732\" data-element_type=\"column\">\n\t\t\t<div class=\"elementor-widget-wrap elementor-element-populated\">\n\t\t\t\t\t\t\t\t<div class=\"elementor-element elementor-element-1a68e48 elementor-invisible elementor-widget elementor-widget-heading\" data-id=\"1a68e48\" data-element_type=\"widget\" data-settings=\"{&quot;_animation&quot;:&quot;fadeInUp&quot;}\" data-widget_type=\"heading.default\">\n\t\t\t\t<div class=\"elementor-widget-container\">\n\t\t\t<h1 class=\"elementor-heading-title elementor-size-medium\">Dauerhafte L\u00f6sung f\u00fcr unerw\u00fcnschtes Haar\n<\/h1>\t\t<\/div>\n\t\t\t\t<\/div>\n\t\t\t\t<div class=\"elementor-element elementor-element-30f1c1a elementor-widget elementor-widget-text-editor\" data-id=\"30f1c1a\" data-element_type=\"widget\" data-widget_type=\"text-editor.default\">\n\t\t\t\t<div class=\"elementor-widget-container\">\n\t\t\t\t\t\t\t<p><span style=\"font-weight: 400;\">Epilation ist ein bekanntes Verfahren, das vor allem f\u00fcr dunkles und kr\u00e4ftiges Haar in Frage kommt. Um Epilationserfolge bei hellen und kraftlosen Haaren zu erzielen, wurden die Haare bereits Wochen im Voraus mit einem Rasiermesser entfernt und versucht, sie zu st\u00e4rken. Denn das Epilierger\u00e4t konnte diese Haare erkennen, nachdem sie st\u00e4rker geworden waren. Menschen, die dieses Verfahren nicht anwandten, mussten auf andere Methoden zur\u00fcckgreifen, um mit ihren winzigen H\u00e4rchen umzugehen. Die Eis-Epilation bietet eine radikale L\u00f6sung f\u00fcr dieses Problem. Die Wirkung der Eis-Epilation, die eine dauerhafte L\u00f6sung f\u00fcr d\u00fcnnes oder dickes Haar bietet, ist an fast allen K\u00f6rperstellen sichtbar. Ausgestattet mit Technologien der neuen Generation entfernt die neue Epilationstechnik Haare oder Haare dauerhaft.<\/span><\/p>\t\t\t\t\t\t<\/div>\n\t\t\t\t<\/div>\n\t\t\t\t\t<\/div>\n\t\t<\/div>\n\t\t\t\t<div class=\"elementor-column elementor-col-33 elementor-top-column elementor-element elementor-element-34f6f03\" data-id=\"34f6f03\" data-element_type=\"column\">\n\t\t\t<div class=\"elementor-widget-wrap elementor-element-populated\">\n\t\t\t\t\t\t\t\t<div class=\"elementor-element elementor-element-94326f2 elementor-invisible elementor-widget elementor-widget-image\" data-id=\"94326f2\" data-element_type=\"widget\" data-settings=\"{&quot;_animation&quot;:&quot;fadeInRight&quot;}\" data-widget_type=\"image.default\">\n\t\t\t\t<div class=\"elementor-widget-container\">\n\t\t\t\t\t\t\t\t\t\t\t\t\t\t\t<img loading=\"lazy\" decoding=\"async\" width=\"1980\" height=\"1320\" src=\"https:\/\/luxurybeauty.com.tr\/wp-content\/uploads\/2023\/12\/epilasyon-006.jpg\" class=\"attachment-full size-full\" alt=\"Epilasyon\" srcset=\"https:\/\/luxurybeauty.com.tr\/wp-content\/uploads\/2023\/12\/epilasyon-006.jpg 1980w, https:\/\/luxurybeauty.com.tr\/wp-content\/uploads\/2023\/12\/epilasyon-006-300x200.jpg 300w, https:\/\/luxurybeauty.com.tr\/wp-content\/uploads\/2023\/12\/epilasyon-006-1024x683.jpg 1024w, https:\/\/luxurybeauty.com.tr\/wp-content\/uploads\/2023\/12\/epilasyon-006-768x512.jpg 768w, https:\/\/luxurybeauty.com.tr\/wp-content\/uploads\/2023\/12\/epilasyon-006-1536x1024.jpg 1536w, https:\/\/luxurybeauty.com.tr\/wp-content\/uploads\/2023\/12\/epilasyon-006-600x400.jpg 600w\" sizes=\"(max-width: 1980px) 100vw, 1980px\" \/>\t\t\t\t\t\t\t\t\t\t\t\t\t\t\t<\/div>\n\t\t\t\t<\/div>\n\t\t\t\t\t<\/div>\n\t\t<\/div>\n\t\t\t\t\t\t\t<\/div>\n\t\t<\/section>\n\t\t\t\t<section class=\"elementor-section elementor-top-section elementor-element elementor-element-df85b9e elementor-section-content-middle elementor-section-boxed elementor-section-height-default elementor-section-height-default mkdf-parallax-row-no mkdf-content-aligment-left mkdf-elementor-row-grid-no mkdf-disabled-bg-image-bellow-no elementor-invisible\" data-id=\"df85b9e\" data-element_type=\"section\" data-settings=\"{&quot;animation&quot;:&quot;fadeInUp&quot;}\">\n\t\t\t\t\t\t<div class=\"elementor-container elementor-column-gap-default\">\n\t\t\t\t\t<div class=\"elementor-column elementor-col-100 elementor-top-column elementor-element elementor-element-0a8990d\" data-id=\"0a8990d\" data-element_type=\"column\">\n\t\t\t<div class=\"elementor-widget-wrap elementor-element-populated\">\n\t\t\t\t\t\t\t\t<div class=\"elementor-element elementor-element-56f3930 elementor-invisible elementor-widget elementor-widget-heading\" data-id=\"56f3930\" data-element_type=\"widget\" data-settings=\"{&quot;_animation&quot;:&quot;fadeInUp&quot;}\" data-widget_type=\"heading.default\">\n\t\t\t\t<div class=\"elementor-widget-container\">\n\t\t\t<h1 class=\"elementor-heading-title elementor-size-medium\">Was sind die Vorteile der Eis-Epilation?\n<\/h1>\t\t<\/div>\n\t\t\t\t<\/div>\n\t\t\t\t<div class=\"elementor-element elementor-element-17c98a9 elementor-widget elementor-widget-text-editor\" data-id=\"17c98a9\" data-element_type=\"widget\" data-widget_type=\"text-editor.default\">\n\t\t\t\t<div class=\"elementor-widget-container\">\n\t\t\t\t\t\t\t<ul><li>Die Eis-Epilation gilt als die komfortabelste Epilationsmethode, ist schmerzlos und reizt die Haut nicht.<\/li><li>Es wird in geringen Dosen und h\u00e4ufig auf die Haut aufgetragen, sodass es die Haut nicht wie seine Gegenst\u00fccke sch\u00e4digt.<\/li><li>Es kann zu jeder Jahreszeit sicher angewendet werden.<\/li><li>Es eignet sich f\u00fcr verschiedene Hauttypen wie wei\u00dfe Haut und bronzefarbene Haut.<\/li><\/ul><p>Dar\u00fcber hinaus sollten Personen, die nach der Eis-Epilation ein Sonnenbad nehmen, Sonnenschutzmittel mit hohem Lichtschutzfaktor verwenden. Somit ist f\u00fcr zus\u00e4tzliche Sicherheit gesorgt.<\/p>\t\t\t\t\t\t<\/div>\n\t\t\t\t<\/div>\n\t\t\t\t\t<\/div>\n\t\t<\/div>\n\t\t\t\t\t\t\t<\/div>\n\t\t<\/section>\n\t\t\t\t<section class=\"elementor-section elementor-top-section elementor-element elementor-element-499bd64 elementor-section-content-middle elementor-section-boxed elementor-section-height-default elementor-section-height-default mkdf-parallax-row-no mkdf-content-aligment-left mkdf-elementor-row-grid-no mkdf-disabled-bg-image-bellow-no elementor-invisible\" data-id=\"499bd64\" data-element_type=\"section\" data-settings=\"{&quot;animation&quot;:&quot;fadeInUp&quot;}\">\n\t\t\t\t\t\t<div class=\"elementor-container elementor-column-gap-default\">\n\t\t\t\t\t<div class=\"elementor-column elementor-col-100 elementor-top-column elementor-element elementor-element-c526e46\" data-id=\"c526e46\" data-element_type=\"column\">\n\t\t\t<div class=\"elementor-widget-wrap elementor-element-populated\">\n\t\t\t\t\t\t\t\t<div class=\"elementor-element elementor-element-5ebd83a elementor-invisible elementor-widget elementor-widget-heading\" data-id=\"5ebd83a\" data-element_type=\"widget\" data-settings=\"{&quot;_animation&quot;:&quot;fadeInUp&quot;}\" data-widget_type=\"heading.default\">\n\t\t\t\t<div class=\"elementor-widget-container\">\n\t\t\t<h1 class=\"elementor-heading-title elementor-size-medium\">Luxury Beauty Beauty Center und Eis-Epilation\n<\/h1>\t\t<\/div>\n\t\t\t\t<\/div>\n\t\t\t\t<div class=\"elementor-element elementor-element-df04ea8 elementor-widget elementor-widget-text-editor\" data-id=\"df04ea8\" data-element_type=\"widget\" data-widget_type=\"text-editor.default\">\n\t\t\t\t<div class=\"elementor-widget-container\">\n\t\t\t\t\t\t\t<p><span style=\"font-weight: 400;\">Das Luxury Beauty Beauty Center bietet professionellen Service bei der Eislaseranwendung, der innovativen Laser-Epilationstechnik. Bei der Eis-Epilation, die Laser- und K\u00fchltechnologien kombiniert, f\u00fchren wir eine f\u00fcr verschiedene Hauttypen geeignete Haarentfernung durch. Dank der K\u00fchltechnologie bieten wir sichere Epilierdienste f\u00fcr alle Hauttypen, auch f\u00fcr empfindliche Haut. Mit dieser fortschrittlichen Epilationsmethode bieten wir dauerhafte L\u00f6sungen f\u00fcr Haarprobleme. Vertrauen Sie bei der Eis-Epilation dem professionellen Personal des Luxury Beauty Beauty Centers!<\/span><\/p>\t\t\t\t\t\t<\/div>\n\t\t\t\t<\/div>\n\t\t\t\t\t<\/div>\n\t\t<\/div>\n\t\t\t\t\t\t\t<\/div>\n\t\t<\/section>\n\t\t\t\t<section class=\"elementor-section elementor-top-section elementor-element elementor-element-5986941 elementor-section-content-middle elementor-section-boxed elementor-section-height-default elementor-section-height-default mkdf-parallax-row-no mkdf-content-aligment-left mkdf-elementor-row-grid-no mkdf-disabled-bg-image-bellow-no\" data-id=\"5986941\" data-element_type=\"section\">\n\t\t\t\t\t\t\t<div class=\"elementor-background-overlay\"><\/div>\n\t\t\t\t\t\t\t<div class=\"elementor-container elementor-column-gap-default\">\n\t\t\t\t\t<div class=\"elementor-column elementor-col-66 elementor-top-column elementor-element elementor-element-ba80836\" data-id=\"ba80836\" data-element_type=\"column\">\n\t\t\t<div class=\"elementor-widget-wrap elementor-element-populated\">\n\t\t\t\t\t\t\t\t<div class=\"elementor-element elementor-element-736ff28 elementor-invisible elementor-widget elementor-widget-image\" data-id=\"736ff28\" data-element_type=\"widget\" data-settings=\"{&quot;_animation&quot;:&quot;fadeInUp&quot;}\" data-widget_type=\"image.default\">\n\t\t\t\t<div class=\"elementor-widget-container\">\n\t\t\t\t\t\t\t\t\t\t\t\t\t\t\t<img loading=\"lazy\" decoding=\"async\" width=\"1980\" height=\"1320\" src=\"https:\/\/luxurybeauty.com.tr\/wp-content\/uploads\/2023\/12\/epilasyon-004.jpg\" class=\"attachment-full size-full\" alt=\"Epilasyon\" srcset=\"https:\/\/luxurybeauty.com.tr\/wp-content\/uploads\/2023\/12\/epilasyon-004.jpg 1980w, https:\/\/luxurybeauty.com.tr\/wp-content\/uploads\/2023\/12\/epilasyon-004-300x200.jpg 300w, https:\/\/luxurybeauty.com.tr\/wp-content\/uploads\/2023\/12\/epilasyon-004-1024x683.jpg 1024w, https:\/\/luxurybeauty.com.tr\/wp-content\/uploads\/2023\/12\/epilasyon-004-768x512.jpg 768w, https:\/\/luxurybeauty.com.tr\/wp-content\/uploads\/2023\/12\/epilasyon-004-1536x1024.jpg 1536w, https:\/\/luxurybeauty.com.tr\/wp-content\/uploads\/2023\/12\/epilasyon-004-600x400.jpg 600w\" sizes=\"(max-width: 1980px) 100vw, 1980px\" \/>\t\t\t\t\t\t\t\t\t\t\t\t\t\t\t<\/div>\n\t\t\t\t<\/div>\n\t\t\t\t\t<\/div>\n\t\t<\/div>\n\t\t\t\t<div class=\"elementor-column elementor-col-33 elementor-top-column elementor-element elementor-element-66116fa\" data-id=\"66116fa\" data-element_type=\"column\">\n\t\t\t<div class=\"elementor-widget-wrap elementor-element-populated\">\n\t\t\t\t\t\t\t\t<div class=\"elementor-element elementor-element-8391b9b elementor-invisible elementor-widget elementor-widget-image\" data-id=\"8391b9b\" data-element_type=\"widget\" data-settings=\"{&quot;_animation&quot;:&quot;fadeInRight&quot;}\" data-widget_type=\"image.default\">\n\t\t\t\t<div class=\"elementor-widget-container\">\n\t\t\t\t\t\t\t\t\t\t\t\t\t\t\t<img loading=\"lazy\" decoding=\"async\" width=\"1980\" height=\"1320\" src=\"https:\/\/luxurybeauty.com.tr\/wp-content\/uploads\/2023\/12\/epilasyon-007.jpg\" class=\"attachment-full size-full\" alt=\"\" srcset=\"https:\/\/luxurybeauty.com.tr\/wp-content\/uploads\/2023\/12\/epilasyon-007.jpg 1980w, https:\/\/luxurybeauty.com.tr\/wp-content\/uploads\/2023\/12\/epilasyon-007-300x200.jpg 300w, https:\/\/luxurybeauty.com.tr\/wp-content\/uploads\/2023\/12\/epilasyon-007-1024x683.jpg 1024w, https:\/\/luxurybeauty.com.tr\/wp-content\/uploads\/2023\/12\/epilasyon-007-768x512.jpg 768w, https:\/\/luxurybeauty.com.tr\/wp-content\/uploads\/2023\/12\/epilasyon-007-1536x1024.jpg 1536w, https:\/\/luxurybeauty.com.tr\/wp-content\/uploads\/2023\/12\/epilasyon-007-600x400.jpg 600w\" sizes=\"(max-width: 1980px) 100vw, 1980px\" \/>\t\t\t\t\t\t\t\t\t\t\t\t\t\t\t<\/div>\n\t\t\t\t<\/div>\n\t\t\t\t\t<\/div>\n\t\t<\/div>\n\t\t\t\t\t\t\t<\/div>\n\t\t<\/section>\n\t\t\t\t<section class=\"elementor-section elementor-top-section elementor-element elementor-element-58c9a27c elementor-section-full_width elementor-section-height-default elementor-section-height-default mkdf-parallax-row-no mkdf-content-aligment-left mkdf-elementor-row-grid-no mkdf-disabled-bg-image-bellow-no\" data-id=\"58c9a27c\" data-element_type=\"section\">\n\t\t\t\t\t\t<div class=\"elementor-container elementor-column-gap-default\">\n\t\t\t\t\t<div class=\"elementor-column elementor-col-100 elementor-top-column elementor-element elementor-element-7f05f95e\" data-id=\"7f05f95e\" data-element_type=\"column\">\n\t\t\t<div class=\"elementor-widget-wrap elementor-element-populated\">\n\t\t\t\t\t\t\t\t<div class=\"elementor-element elementor-element-44626bc9 elementor-align-center elementor-widget elementor-widget-button\" data-id=\"44626bc9\" data-element_type=\"widget\" data-widget_type=\"button.default\">\n\t\t\t\t<div class=\"elementor-widget-container\">\n\t\t\t\t\t<div class=\"elementor-button-wrapper\">\n\t\t\t<a href=\"\/randevu\" class=\"elementor-button-link elementor-button elementor-size-md elementor-animation-grow\" role=\"button\">\n\t\t\t\t\t\t<span class=\"elementor-button-content-wrapper\">\n\t\t\t\t\t\t\t<span class=\"elementor-button-icon elementor-align-icon-left\">\n\t\t\t\t<i aria-hidden=\"true\" class=\"far fa-check-circle\"><\/i>\t\t\t<\/span>\n\t\t\t\t\t\t<span class=\"elementor-button-text\">Vereinbaren Sie online einen Termin<\/span>\n\t\t<\/span>\n\t\t\t\t\t<\/a>\n\t\t<\/div>\n\t\t\t\t<\/div>\n\t\t\t\t<\/div>\n\t\t\t\t\t<\/div>\n\t\t<\/div>\n\t\t\t\t\t\t\t<\/div>\n\t\t<\/section>\n\t\t\t\t\t\t\t<\/div>\n\t\t","protected":false},"excerpt":{"rendered":"<p>Der Eislaser ist eine Epilationsl\u00f6sung der neuen Generation. Es verf\u00fcgt \u00fcber bemerkenswerte Eigenschaften unter den Laser-Epilations- und Epilationsanwendungen. Aufgrund der schnellen Anwendung und des schmerzfreien Epilationsprozesses ist es das am h\u00e4ufigsten verwendete Epilationsverfahren der letzten Jahre. Die Ice-Laser-Technologie, die mit [&hellip;]<\/p>\n","protected":false},"author":3,"featured_media":0,"parent":0,"menu_order":0,"comment_status":"closed","ping_status":"closed","template":"","meta":{"footnotes":""},"_links":{"self":[{"href":"https:\/\/luxurybeauty.com.tr\/de\/wp-json\/wp\/v2\/pages\/7714"}],"collection":[{"href":"https:\/\/luxurybeauty.com.tr\/de\/wp-json\/wp\/v2\/pages"}],"about":[{"href":"https:\/\/luxurybeauty.com.tr\/de\/wp-json\/wp\/v2\/types\/page"}],"author":[{"embeddable":true,"href":"https:\/\/luxurybeauty.com.tr\/de\/wp-json\/wp\/v2\/users\/3"}],"replies":[{"embeddable":true,"href":"https:\/\/luxurybeauty.com.tr\/de\/wp-json\/wp\/v2\/comments?post=7714"}],"version-history":[{"count":4,"href":"https:\/\/luxurybeauty.com.tr\/de\/wp-json\/wp\/v2\/pages\/7714\/revisions"}],"predecessor-version":[{"id":7722,"href":"https:\/\/luxurybeauty.com.tr\/de\/wp-json\/wp\/v2\/pages\/7714\/revisions\/7722"}],"wp:attachment":[{"href":"https:\/\/luxurybeauty.com.tr\/de\/wp-json\/wp\/v2\/media?parent=7714"}],"curies":[{"name":"wp","href":"https:\/\/api.w.org\/{rel}","templated":true}]}}