{"id":7702,"date":"2024-01-02T13:59:10","date_gmt":"2024-01-02T10:59:10","guid":{"rendered":"https:\/\/luxurybeauty.com.tr\/bolgesel-zayiflama\/"},"modified":"2024-05-05T22:03:47","modified_gmt":"2024-05-05T19:03:47","slug":"bolgesel-zayiflama","status":"publish","type":"page","link":"https:\/\/luxurybeauty.com.tr\/de\/bolgesel-zayiflama\/","title":{"rendered":"Regionales Abnehmen"},"content":{"rendered":"\t\t<div data-elementor-type=\"wp-page\" data-elementor-id=\"7702\" class=\"elementor elementor-7702 elementor-6539\">\n\t\t\t\t\t\t\t\t\t<section class=\"elementor-section elementor-top-section elementor-element elementor-element-62dfe602 elementor-section-boxed elementor-section-height-default elementor-section-height-default mkdf-parallax-row-no mkdf-content-aligment-left mkdf-elementor-row-grid-no mkdf-disabled-bg-image-bellow-no\" data-id=\"62dfe602\" data-element_type=\"section\">\n\t\t\t\t\t\t<div class=\"elementor-container elementor-column-gap-default\">\n\t\t\t\t\t<div class=\"elementor-column elementor-col-100 elementor-top-column elementor-element elementor-element-f7ebbac\" data-id=\"f7ebbac\" data-element_type=\"column\">\n\t\t\t<div class=\"elementor-widget-wrap\">\n\t\t\t\t\t\t\t\t\t<\/div>\n\t\t<\/div>\n\t\t\t\t\t\t\t<\/div>\n\t\t<\/section>\n\t\t\t\t<section class=\"elementor-section elementor-top-section elementor-element elementor-element-cd7ae7d mkdf-elementor-row-grid-section elementor-section-boxed elementor-section-height-default elementor-section-height-default mkdf-parallax-row-no mkdf-content-aligment-left mkdf-disabled-bg-image-bellow-no elementor-invisible\" data-id=\"cd7ae7d\" data-element_type=\"section\" data-settings=\"{&quot;background_background&quot;:&quot;classic&quot;,&quot;animation&quot;:&quot;fadeInUp&quot;}\">\n\t\t\t\t\t\t<div class=\"elementor-container elementor-column-gap-default\">\n\t\t\t\t\t<div class=\"elementor-column elementor-col-100 elementor-top-column elementor-element elementor-element-3046339\" data-id=\"3046339\" data-element_type=\"column\">\n\t\t\t<div class=\"elementor-widget-wrap elementor-element-populated\">\n\t\t\t\t\t\t\t\t<div class=\"elementor-element elementor-element-16e556d elementor-widget elementor-widget-text-editor\" data-id=\"16e556d\" data-element_type=\"widget\" data-widget_type=\"text-editor.default\">\n\t\t\t\t<div class=\"elementor-widget-container\">\n\t\t\t\t\t\t\t<p><span style=\"font-weight: 400;\">Beim regionalen Abnehmen handelt es sich um ein Verfahren, das auf bestimmte Bereiche des K\u00f6rpers abzielt und sich bei einigen Verfahren auf lokalisierte Fettdepots konzentriert. Mit Techniken wie Fettabsaugung, Ultraschall oder Laserbehandlung werden Bereiche wie Bauch, Oberschenkel und Arme geformt. Bei der Fettabsaugung wird \u00fcbersch\u00fcssiges Fett entfernt. Auch Ultraschall- und Laserbehandlungen sind Anwendungen, die durch den Abbau von Fettzellen f\u00fcr eine regionale Gewichtsabnahme sorgen. Diese lokalen Verfahren zur Gewichtsreduktion sind minimalinvasiv. Ziel ist es, einen \u00e4sthetischeren, geformteren und proportionaleren K\u00f6rper zu schaffen. F\u00fcr sichere und wirksame regionale Schlankheitstechniken erhalten Sie Unterst\u00fctzung von den Experten des Luxury Beauty Beauty Centers.<\/span><\/p>\t\t\t\t\t\t<\/div>\n\t\t\t\t<\/div>\n\t\t\t\t\t<\/div>\n\t\t<\/div>\n\t\t\t\t\t\t\t<\/div>\n\t\t<\/section>\n\t\t\t\t<section class=\"elementor-section elementor-top-section elementor-element elementor-element-c6e494b elementor-section-content-middle elementor-section-boxed elementor-section-height-default elementor-section-height-default mkdf-parallax-row-no mkdf-content-aligment-left mkdf-elementor-row-grid-no mkdf-disabled-bg-image-bellow-no elementor-invisible\" data-id=\"c6e494b\" data-element_type=\"section\" data-settings=\"{&quot;animation&quot;:&quot;fadeInLeft&quot;}\">\n\t\t\t\t\t\t\t<div class=\"elementor-background-overlay\"><\/div>\n\t\t\t\t\t\t\t<div class=\"elementor-container elementor-column-gap-default\">\n\t\t\t\t\t<div class=\"elementor-column elementor-col-100 elementor-top-column elementor-element elementor-element-59cac8e\" data-id=\"59cac8e\" data-element_type=\"column\">\n\t\t\t<div class=\"elementor-widget-wrap elementor-element-populated\">\n\t\t\t\t\t\t\t\t<div class=\"elementor-element elementor-element-e7a86cf elementor-invisible elementor-widget elementor-widget-heading\" data-id=\"e7a86cf\" data-element_type=\"widget\" data-settings=\"{&quot;_animation&quot;:&quot;fadeInUp&quot;}\" data-widget_type=\"heading.default\">\n\t\t\t\t<div class=\"elementor-widget-container\">\n\t\t\t<h1 class=\"elementor-heading-title elementor-size-medium\">Emslim<\/h1>\t\t<\/div>\n\t\t\t\t<\/div>\n\t\t\t\t<div class=\"elementor-element elementor-element-b379281 elementor-widget elementor-widget-text-editor\" data-id=\"b379281\" data-element_type=\"widget\" data-widget_type=\"text-editor.default\">\n\t\t\t\t<div class=\"elementor-widget-container\">\n\t\t\t\t\t\t\t<p><span style=\"font-weight: 400;\">Es handelt sich um eine nicht-chirurgische K\u00f6rperformungsbehandlung. Mithilfe der High Intensity Focused Electromagnetic Energy (HIFEM)-Technologie wird die Emslim-Technik angewendet, um die Muskeln in Bauch, H\u00fcfte, Armen und Oberschenkeln zu straffen und zu st\u00e4rken. Elektromagnetische Impulse stimulieren die Muskelaktivit\u00e4t und l\u00f6sen in nur 30 Minuten intensive Muskelkontraktionen aus, die Tausenden von Crunches oder Kniebeugen entsprechen. Emslim hilft dabei, Fett in bestimmten Bereichen zu reduzieren und ist eine innovative Alternative zur K\u00f6rperkonturierung und allgemeinen Konditionierungsverfahren. Es erm\u00f6glicht Menschen, die einen nicht-chirurgischen Muskelaufbau anstreben, ihre Ziele in kurzer Zeit zu erreichen.<\/span><\/p>\t\t\t\t\t\t<\/div>\n\t\t\t\t<\/div>\n\t\t\t\t\t<\/div>\n\t\t<\/div>\n\t\t\t\t\t\t\t<\/div>\n\t\t<\/section>\n\t\t\t\t<section class=\"elementor-section elementor-top-section elementor-element elementor-element-a135fc9 elementor-section-content-middle elementor-section-boxed elementor-section-height-default elementor-section-height-default mkdf-parallax-row-no mkdf-content-aligment-left mkdf-elementor-row-grid-no mkdf-disabled-bg-image-bellow-no\" data-id=\"a135fc9\" data-element_type=\"section\">\n\t\t\t\t\t\t\t<div class=\"elementor-background-overlay\"><\/div>\n\t\t\t\t\t\t\t<div class=\"elementor-container elementor-column-gap-default\">\n\t\t\t\t\t<div class=\"elementor-column elementor-col-66 elementor-top-column elementor-element elementor-element-f83e732\" data-id=\"f83e732\" data-element_type=\"column\">\n\t\t\t<div class=\"elementor-widget-wrap elementor-element-populated\">\n\t\t\t\t\t\t\t\t<div class=\"elementor-element elementor-element-1a68e48 elementor-invisible elementor-widget elementor-widget-heading\" data-id=\"1a68e48\" data-element_type=\"widget\" data-settings=\"{&quot;_animation&quot;:&quot;fadeInUp&quot;}\" data-widget_type=\"heading.default\">\n\t\t\t\t<div class=\"elementor-widget-container\">\n\t\t\t<h1 class=\"elementor-heading-title elementor-size-medium\">Lymphdrainage<\/h1>\t\t<\/div>\n\t\t\t\t<\/div>\n\t\t\t\t<div class=\"elementor-element elementor-element-30f1c1a elementor-widget elementor-widget-text-editor\" data-id=\"30f1c1a\" data-element_type=\"widget\" data-widget_type=\"text-editor.default\">\n\t\t\t\t<div class=\"elementor-widget-container\">\n\t\t\t\t\t\t\t<p><span style=\"font-weight: 400;\">Lymphdrainage ist eine therapeutische Massagetechnik, die zur Stimulierung des Lymphsystems und zur F\u00f6rderung des nat\u00fcrlichen Abflusses von Lymphfl\u00fcssigkeiten eingesetzt wird. Diese rhythmische Massage reduziert Fl\u00fcssigkeitsansammlungen im aufgetragenen Bereich. Es unterst\u00fctzt das Immunsystem, indem es die Entfernung von Giftstoffen erleichtert. Der Therapeut hilft dem K\u00f6rper, \u00fcbersch\u00fcssige Fl\u00fcssigkeit und Abfallstoffe durch sanfte, kreisende Bewegungen der Lymphdrainage auszuleiten. Die Lymphdrainage reduziert Schwellungen und Entz\u00fcndungen im Anwendungsbereich, steigert die Entgiftung und verbessert die Immunfunktion. Es tr\u00e4gt zur Lebensqualit\u00e4t des Menschen bei, indem es f\u00fcr einen gesunden und ausgeglichenen K\u00f6rper sorgt.<\/span><\/p>\t\t\t\t\t\t<\/div>\n\t\t\t\t<\/div>\n\t\t\t\t\t<\/div>\n\t\t<\/div>\n\t\t\t\t<div class=\"elementor-column elementor-col-33 elementor-top-column elementor-element elementor-element-34f6f03\" data-id=\"34f6f03\" data-element_type=\"column\">\n\t\t\t<div class=\"elementor-widget-wrap elementor-element-populated\">\n\t\t\t\t\t\t\t\t<div class=\"elementor-element elementor-element-94326f2 elementor-invisible elementor-widget elementor-widget-image\" data-id=\"94326f2\" data-element_type=\"widget\" data-settings=\"{&quot;_animation&quot;:&quot;fadeInRight&quot;}\" data-widget_type=\"image.default\">\n\t\t\t\t<div class=\"elementor-widget-container\">\n\t\t\t\t\t\t\t\t\t\t\t\t\t\t\t<img loading=\"lazy\" decoding=\"async\" width=\"1980\" height=\"1317\" src=\"https:\/\/luxurybeauty.com.tr\/wp-content\/uploads\/2023\/12\/bolgesel-zayiflama-002.jpg\" class=\"attachment-full size-full\" alt=\"B\u00f6lgesel Zay\u0131flama\" srcset=\"https:\/\/luxurybeauty.com.tr\/wp-content\/uploads\/2023\/12\/bolgesel-zayiflama-002.jpg 1980w, https:\/\/luxurybeauty.com.tr\/wp-content\/uploads\/2023\/12\/bolgesel-zayiflama-002-300x200.jpg 300w, https:\/\/luxurybeauty.com.tr\/wp-content\/uploads\/2023\/12\/bolgesel-zayiflama-002-1024x681.jpg 1024w, https:\/\/luxurybeauty.com.tr\/wp-content\/uploads\/2023\/12\/bolgesel-zayiflama-002-768x511.jpg 768w, https:\/\/luxurybeauty.com.tr\/wp-content\/uploads\/2023\/12\/bolgesel-zayiflama-002-1536x1022.jpg 1536w, https:\/\/luxurybeauty.com.tr\/wp-content\/uploads\/2023\/12\/bolgesel-zayiflama-002-600x399.jpg 600w\" sizes=\"(max-width: 1980px) 100vw, 1980px\" \/>\t\t\t\t\t\t\t\t\t\t\t\t\t\t\t<\/div>\n\t\t\t\t<\/div>\n\t\t\t\t\t<\/div>\n\t\t<\/div>\n\t\t\t\t\t\t\t<\/div>\n\t\t<\/section>\n\t\t\t\t<section class=\"elementor-section elementor-top-section elementor-element elementor-element-df85b9e elementor-section-content-middle elementor-section-boxed elementor-section-height-default elementor-section-height-default mkdf-parallax-row-no mkdf-content-aligment-left mkdf-elementor-row-grid-no mkdf-disabled-bg-image-bellow-no elementor-invisible\" data-id=\"df85b9e\" data-element_type=\"section\" data-settings=\"{&quot;animation&quot;:&quot;fadeInUp&quot;}\">\n\t\t\t\t\t\t<div class=\"elementor-container elementor-column-gap-default\">\n\t\t\t\t\t<div class=\"elementor-column elementor-col-100 elementor-top-column elementor-element elementor-element-0a8990d\" data-id=\"0a8990d\" data-element_type=\"column\">\n\t\t\t<div class=\"elementor-widget-wrap elementor-element-populated\">\n\t\t\t\t\t\t\t\t<div class=\"elementor-element elementor-element-56f3930 elementor-invisible elementor-widget elementor-widget-heading\" data-id=\"56f3930\" data-element_type=\"widget\" data-settings=\"{&quot;_animation&quot;:&quot;fadeInUp&quot;}\" data-widget_type=\"heading.default\">\n\t\t\t\t<div class=\"elementor-widget-container\">\n\t\t\t<h1 class=\"elementor-heading-title elementor-size-medium\">Sudatonic Detox<\/h1>\t\t<\/div>\n\t\t\t\t<\/div>\n\t\t\t\t<div class=\"elementor-element elementor-element-17c98a9 elementor-widget elementor-widget-text-editor\" data-id=\"17c98a9\" data-element_type=\"widget\" data-widget_type=\"text-editor.default\">\n\t\t\t\t<div class=\"elementor-widget-container\">\n\t\t\t\t\t\t\t<p><span style=\"font-weight: 400;\">Es handelt sich um ein verj\u00fcngendes regionales Schlankheits- und K\u00f6rperpflegeverfahren, das mit Infrarot-Technologie f\u00fcr Entgiftung und Gewichtsverlust sorgt. Bei der Sudatonic Detox-Sitzung werden Bandagen um den K\u00f6rper gewickelt, die Infrarotw\u00e4rme abgeben und Schwitzen verursachen. Dieser Prozess hilft, Giftstoffe zu beseitigen, den Stoffwechsel zu beschleunigen und die Durchblutung zu verbessern. Dieses Verfahren zielt auf Fettdepots ab und unterst\u00fctzt ein geformteres K\u00f6rperbild. Au\u00dferdem revitalisiert es die Haut, indem es Cellulite reduziert.<\/span><\/p>\t\t\t\t\t\t<\/div>\n\t\t\t\t<\/div>\n\t\t\t\t\t<\/div>\n\t\t<\/div>\n\t\t\t\t\t\t\t<\/div>\n\t\t<\/section>\n\t\t\t\t<section class=\"elementor-section elementor-top-section elementor-element elementor-element-499bd64 elementor-section-content-middle elementor-section-boxed elementor-section-height-default elementor-section-height-default mkdf-parallax-row-no mkdf-content-aligment-left mkdf-elementor-row-grid-no mkdf-disabled-bg-image-bellow-no elementor-invisible\" data-id=\"499bd64\" data-element_type=\"section\" data-settings=\"{&quot;animation&quot;:&quot;fadeInUp&quot;}\">\n\t\t\t\t\t\t<div class=\"elementor-container elementor-column-gap-default\">\n\t\t\t\t\t<div class=\"elementor-column elementor-col-100 elementor-top-column elementor-element elementor-element-c526e46\" data-id=\"c526e46\" data-element_type=\"column\">\n\t\t\t<div class=\"elementor-widget-wrap elementor-element-populated\">\n\t\t\t\t\t\t\t\t<div class=\"elementor-element elementor-element-5ebd83a elementor-invisible elementor-widget elementor-widget-heading\" data-id=\"5ebd83a\" data-element_type=\"widget\" data-settings=\"{&quot;_animation&quot;:&quot;fadeInUp&quot;}\" data-widget_type=\"heading.default\">\n\t\t\t\t<div class=\"elementor-widget-container\">\n\t\t\t<h1 class=\"elementor-heading-title elementor-size-medium\">Aromaderm<\/h1>\t\t<\/div>\n\t\t\t\t<\/div>\n\t\t\t\t<div class=\"elementor-element elementor-element-df04ea8 elementor-widget elementor-widget-text-editor\" data-id=\"df04ea8\" data-element_type=\"widget\" data-widget_type=\"text-editor.default\">\n\t\t\t\t<div class=\"elementor-widget-container\">\n\t\t\t\t\t\t\t<p><span style=\"font-weight: 400;\">Aromaderm: Es handelt sich um eine dermatologische Technik, die Aromatherapie zur Verbesserung der Hautgesundheit nutzt. Die innovative Hautpflegetherapie Aromaderm nutzt therapeutische \u00e4therische \u00d6le. Diese \u00d6le werden mit speziellen Massagetechniken auf die Haut aufgetragen. Diese f\u00fcr ihre heilenden Eigenschaften bekannten \u00d6le dringen in die Haut ein und n\u00e4hren sie. Es kann bei verschiedenen Hautproblemen wie Hauttrockenheit, Akne und Hautalterung eingesetzt werden. Dar\u00fcber hinaus hilft es der Person, sich zu entspannen und Stress abzubauen. Aromaderm, das auch ein Sinneserlebnis ist; Es verbessert die Hautstruktur, spendet Feuchtigkeit und sorgt f\u00fcr eine strahlende Hautform.<\/span><\/p>\t\t\t\t\t\t<\/div>\n\t\t\t\t<\/div>\n\t\t\t\t\t<\/div>\n\t\t<\/div>\n\t\t\t\t\t\t\t<\/div>\n\t\t<\/section>\n\t\t\t\t<section class=\"elementor-section elementor-top-section elementor-element elementor-element-58c9a27c elementor-section-full_width elementor-section-height-default elementor-section-height-default mkdf-parallax-row-no mkdf-content-aligment-left mkdf-elementor-row-grid-no mkdf-disabled-bg-image-bellow-no\" data-id=\"58c9a27c\" data-element_type=\"section\">\n\t\t\t\t\t\t<div class=\"elementor-container elementor-column-gap-default\">\n\t\t\t\t\t<div class=\"elementor-column elementor-col-100 elementor-top-column elementor-element elementor-element-7f05f95e\" data-id=\"7f05f95e\" data-element_type=\"column\">\n\t\t\t<div class=\"elementor-widget-wrap elementor-element-populated\">\n\t\t\t\t\t\t\t\t<div class=\"elementor-element elementor-element-44626bc9 elementor-align-center elementor-widget elementor-widget-button\" data-id=\"44626bc9\" data-element_type=\"widget\" data-widget_type=\"button.default\">\n\t\t\t\t<div class=\"elementor-widget-container\">\n\t\t\t\t\t<div class=\"elementor-button-wrapper\">\n\t\t\t<a href=\"https:\/\/luxurybeauty.com.tr\/de\/randevu\/\" class=\"elementor-button-link elementor-button elementor-size-md elementor-animation-grow\" role=\"button\">\n\t\t\t\t\t\t<span class=\"elementor-button-content-wrapper\">\n\t\t\t\t\t\t\t<span class=\"elementor-button-icon elementor-align-icon-left\">\n\t\t\t\t<i aria-hidden=\"true\" class=\"far fa-check-circle\"><\/i>\t\t\t<\/span>\n\t\t\t\t\t\t<span class=\"elementor-button-text\">Vereinbaren Sie schnell einen Online-Termin<\/span>\n\t\t<\/span>\n\t\t\t\t\t<\/a>\n\t\t<\/div>\n\t\t\t\t<\/div>\n\t\t\t\t<\/div>\n\t\t\t\t\t<\/div>\n\t\t<\/div>\n\t\t\t\t\t\t\t<\/div>\n\t\t<\/section>\n\t\t\t\t\t\t\t<\/div>\n\t\t","protected":false},"excerpt":{"rendered":"<p>Beim regionalen Abnehmen handelt es sich um ein Verfahren, das auf bestimmte Bereiche des K\u00f6rpers abzielt und sich bei einigen Verfahren auf lokalisierte Fettdepots konzentriert. Mit Techniken wie Fettabsaugung, Ultraschall oder Laserbehandlung werden Bereiche wie Bauch, Oberschenkel und Arme geformt. [&hellip;]<\/p>\n","protected":false},"author":3,"featured_media":0,"parent":0,"menu_order":0,"comment_status":"closed","ping_status":"closed","template":"","meta":{"footnotes":""},"_links":{"self":[{"href":"https:\/\/luxurybeauty.com.tr\/de\/wp-json\/wp\/v2\/pages\/7702"}],"collection":[{"href":"https:\/\/luxurybeauty.com.tr\/de\/wp-json\/wp\/v2\/pages"}],"about":[{"href":"https:\/\/luxurybeauty.com.tr\/de\/wp-json\/wp\/v2\/types\/page"}],"author":[{"embeddable":true,"href":"https:\/\/luxurybeauty.com.tr\/de\/wp-json\/wp\/v2\/users\/3"}],"replies":[{"embeddable":true,"href":"https:\/\/luxurybeauty.com.tr\/de\/wp-json\/wp\/v2\/comments?post=7702"}],"version-history":[{"count":19,"href":"https:\/\/luxurybeauty.com.tr\/de\/wp-json\/wp\/v2\/pages\/7702\/revisions"}],"predecessor-version":[{"id":8086,"href":"https:\/\/luxurybeauty.com.tr\/de\/wp-json\/wp\/v2\/pages\/7702\/revisions\/8086"}],"wp:attachment":[{"href":"https:\/\/luxurybeauty.com.tr\/de\/wp-json\/wp\/v2\/media?parent=7702"}],"curies":[{"name":"wp","href":"https:\/\/api.w.org\/{rel}","templated":true}]}}