{"id":7002,"date":"2018-04-02T08:05:43","date_gmt":"2018-04-02T05:05:43","guid":{"rendered":"https:\/\/luxurybeauty.com.tr\/ueber-uns\/"},"modified":"2024-04-23T13:44:45","modified_gmt":"2024-04-23T10:44:45","slug":"ueber-uns","status":"publish","type":"page","link":"https:\/\/luxurybeauty.com.tr\/de\/ueber-uns\/","title":{"rendered":"\u00dcber uns"},"content":{"rendered":"\t\t<div data-elementor-type=\"wp-page\" data-elementor-id=\"7002\" class=\"elementor elementor-7002 elementor-25\">\n\t\t\t\t\t\t\t\t\t<section class=\"elementor-section elementor-top-section elementor-element elementor-element-62dfe602 elementor-section-boxed elementor-section-height-default elementor-section-height-default mkdf-parallax-row-no mkdf-content-aligment-left mkdf-elementor-row-grid-no mkdf-disabled-bg-image-bellow-no\" data-id=\"62dfe602\" data-element_type=\"section\">\n\t\t\t\t\t\t<div class=\"elementor-container elementor-column-gap-default\">\n\t\t\t\t\t<div class=\"elementor-column elementor-col-100 elementor-top-column elementor-element elementor-element-5ff2013\" data-id=\"5ff2013\" data-element_type=\"column\">\n\t\t\t<div class=\"elementor-widget-wrap\">\n\t\t\t\t\t\t\t\t\t<\/div>\n\t\t<\/div>\n\t\t\t\t\t\t\t<\/div>\n\t\t<\/section>\n\t\t\t\t<section class=\"elementor-section elementor-top-section elementor-element elementor-element-ba15860 mkdf-elementor-row-grid-section elementor-section-boxed elementor-section-height-default elementor-section-height-default mkdf-parallax-row-no mkdf-content-aligment-left mkdf-disabled-bg-image-bellow-no\" data-id=\"ba15860\" data-element_type=\"section\">\n\t\t\t\t\t\t<div class=\"elementor-container elementor-column-gap-default\">\n\t\t\t\t\t<div class=\"elementor-column elementor-col-50 elementor-top-column elementor-element elementor-element-68db032\" data-id=\"68db032\" data-element_type=\"column\">\n\t\t\t<div class=\"elementor-widget-wrap elementor-element-populated\">\n\t\t\t\t\t\t\t\t<div class=\"elementor-element elementor-element-0b5f65b elementor-widget elementor-widget-image\" data-id=\"0b5f65b\" data-element_type=\"widget\" data-widget_type=\"image.default\">\n\t\t\t\t<div class=\"elementor-widget-container\">\n\t\t\t\t\t\t\t\t\t\t\t\t\t\t\t<img loading=\"lazy\" decoding=\"async\" width=\"1440\" height=\"2160\" src=\"https:\/\/luxurybeauty.com.tr\/wp-content\/uploads\/2024\/04\/mine-yilmaz.jpg\" class=\"attachment-full size-full\" alt=\"\" srcset=\"https:\/\/luxurybeauty.com.tr\/wp-content\/uploads\/2024\/04\/mine-yilmaz.jpg 1440w, https:\/\/luxurybeauty.com.tr\/wp-content\/uploads\/2024\/04\/mine-yilmaz-200x300.jpg 200w, https:\/\/luxurybeauty.com.tr\/wp-content\/uploads\/2024\/04\/mine-yilmaz-683x1024.jpg 683w, https:\/\/luxurybeauty.com.tr\/wp-content\/uploads\/2024\/04\/mine-yilmaz-768x1152.jpg 768w, https:\/\/luxurybeauty.com.tr\/wp-content\/uploads\/2024\/04\/mine-yilmaz-1024x1536.jpg 1024w, https:\/\/luxurybeauty.com.tr\/wp-content\/uploads\/2024\/04\/mine-yilmaz-1365x2048.jpg 1365w, https:\/\/luxurybeauty.com.tr\/wp-content\/uploads\/2024\/04\/mine-yilmaz-600x900.jpg 600w\" sizes=\"(max-width: 1440px) 100vw, 1440px\" \/>\t\t\t\t\t\t\t\t\t\t\t\t\t\t\t<\/div>\n\t\t\t\t<\/div>\n\t\t\t\t\t<\/div>\n\t\t<\/div>\n\t\t\t\t<div class=\"elementor-column elementor-col-50 elementor-top-column elementor-element elementor-element-02497f4\" data-id=\"02497f4\" data-element_type=\"column\">\n\t\t\t<div class=\"elementor-widget-wrap elementor-element-populated\">\n\t\t\t\t\t\t\t\t<div class=\"elementor-element elementor-element-bd78e8e elementor-widget elementor-widget-text-editor\" data-id=\"bd78e8e\" data-element_type=\"widget\" data-widget_type=\"text-editor.default\">\n\t\t\t\t<div class=\"elementor-widget-container\">\n\t\t\t\t\t\t\t<h2>Unsere Geschichte<\/h2>\n\t\t\t\t\t\t<\/div>\n\t\t\t\t<\/div>\n\t\t\t\t<div class=\"elementor-element elementor-element-fe4bcc8 elementor-widget elementor-widget-text-editor\" data-id=\"fe4bcc8\" data-element_type=\"widget\" data-widget_type=\"text-editor.default\">\n\t\t\t\t<div class=\"elementor-widget-container\">\n\t\t\t\t\t\t\t<p>Luxury Beauty Center<\/strong>, das seit 2010 mit einem v\u00f6llig neuen Ansatz in die Sch\u00f6nheitsbranche einsteigt, ist dank der speziellen Formeln, die es f\u00fcr Permanent Make-up und regionales Abnehmen entwickelt hat, eine der f\u00fchrenden Marken der Branche , Laserepilation und viele Hautpflege- und Erneuerungsma\u00dfnahmen, die keine chirurgischen Eingriffe erfordern. <\/p>\n<p><strong>Luxury Beauty Center<\/strong> betreut seine zahlreichen G\u00e4ste aus dem In- und Ausland, begleitet von seinem erfahrenen Fachpersonal, an seiner neuen Adresse in Kad\u0131k\u00f6y, Istanbul.<\/p>\n\t\t\t\t\t\t<\/div>\n\t\t\t\t<\/div>\n\t\t\t\t\t<\/div>\n\t\t<\/div>\n\t\t\t\t\t\t\t<\/div>\n\t\t<\/section>\n\t\t\t\t\t\t\t<\/div>\n\t\t","protected":false},"excerpt":{"rendered":"<p>Unsere Geschichte Luxury Beauty Center, das seit 2010 mit einem v\u00f6llig neuen Ansatz in die Sch\u00f6nheitsbranche einsteigt, ist dank der speziellen Formeln, die es f\u00fcr Permanent Make-up und regionales Abnehmen entwickelt hat, eine der f\u00fchrenden Marken der Branche , Laserepilation [&hellip;]<\/p>\n","protected":false},"author":1,"featured_media":0,"parent":0,"menu_order":0,"comment_status":"closed","ping_status":"closed","template":"full-width.php","meta":{"footnotes":""},"_links":{"self":[{"href":"https:\/\/luxurybeauty.com.tr\/de\/wp-json\/wp\/v2\/pages\/7002"}],"collection":[{"href":"https:\/\/luxurybeauty.com.tr\/de\/wp-json\/wp\/v2\/pages"}],"about":[{"href":"https:\/\/luxurybeauty.com.tr\/de\/wp-json\/wp\/v2\/types\/page"}],"author":[{"embeddable":true,"href":"https:\/\/luxurybeauty.com.tr\/de\/wp-json\/wp\/v2\/users\/1"}],"replies":[{"embeddable":true,"href":"https:\/\/luxurybeauty.com.tr\/de\/wp-json\/wp\/v2\/comments?post=7002"}],"version-history":[{"count":4,"href":"https:\/\/luxurybeauty.com.tr\/de\/wp-json\/wp\/v2\/pages\/7002\/revisions"}],"predecessor-version":[{"id":7996,"href":"https:\/\/luxurybeauty.com.tr\/de\/wp-json\/wp\/v2\/pages\/7002\/revisions\/7996"}],"wp:attachment":[{"href":"https:\/\/luxurybeauty.com.tr\/de\/wp-json\/wp\/v2\/media?parent=7002"}],"curies":[{"name":"wp","href":"https:\/\/api.w.org\/{rel}","templated":true}]}}